{"id":482,"date":"2015-02-25T09:59:10","date_gmt":"2015-02-25T07:59:10","guid":{"rendered":"http:\/\/anderssonart.com\/leaf\/?page_id=482"},"modified":"2020-09-01T15:08:17","modified_gmt":"2020-09-01T12:08:17","slug":"page-14","status":"publish","type":"page","link":"https:\/\/anderssonart.com\/leaf\/page-14\/","title":{"rendered":"Books"},"content":{"rendered":"<p><a href=\"http:\/\/anderssonart.com\/leaf\/wp-content\/uploads\/2015\/02\/image_7412.jpg\"><img decoding=\"async\" loading=\"lazy\" class=\"alignnone wp-image-494\" src=\"http:\/\/anderssonart.com\/leaf\/wp-content\/uploads\/2015\/02\/image_7412.jpg\" alt=\"Life on a Leaf -book\" width=\"200\" height=\"260\" \/><\/a><\/p>\n<p>The book is based on Andersson\u2019s Doctorate in Fine Arts at the Academy of Fine Arts in Helsinki.<\/p>\n<p><a title=\"Life on a Leaf -book\" href=\"http:\/\/shop.merpaperkunsthalle.org\/life-on-a-leaf-jan-erik-andersson.html\" target=\"_blank\" rel=\"noopener noreferrer\">Life on a Leaf -book<\/a><\/p>\n<p><a href=\"http:\/\/anderssonart.com\/leaf\/wp-content\/uploads\/2015\/02\/el_kansi.png\"><img decoding=\"async\" loading=\"lazy\" class=\"alignnone wp-image-493\" src=\"http:\/\/anderssonart.com\/leaf\/wp-content\/uploads\/2015\/02\/el_kansi.png\" alt=\"el_kansi\" width=\"300\" height=\"247\" srcset=\"https:\/\/anderssonart.com\/leaf\/wp-content\/uploads\/2015\/02\/el_kansi.png 567w, https:\/\/anderssonart.com\/leaf\/wp-content\/uploads\/2015\/02\/el_kansi-486x400.png 486w\" sizes=\"(max-width: 300px) 100vw, 300px\" \/><\/a><\/p>\n<p>&#8221;Mik\u00e4 pakottaa meid\u00e4t viett\u00e4m\u00e4\u00e4n el\u00e4m\u00e4mme suorakaiteiden sis\u00e4ll\u00e4? Mihin j\u00e4iv\u00e4t jugendjulkisivujen sammakot ja hirvi\u00f6t? Miksi emme voisi asua hatussa, kukassa tai lehdess\u00e4?<\/p>\n<p>Turkulainen taiteilija Jan-Erik Andersson yhteisty\u00f6kumppaneineen suunnitteli ja rakensi lehdenmuotoisen talon, joka on her\u00e4tt\u00e4nyt suurta kansainv\u00e4list\u00e4 huomioita. Andersson kuvaa koko prosessin mukaansatempaavasti ja kertoo valaisevin havainnoin, millaista on asua kokonaistaideteoksessa. H\u00e4n haluaa osoittaa, ett\u00e4 tulevaisuuden rakennukset pit\u00e4isi tehd\u00e4 taiteilijoiden, arkkitehtien, k\u00e4sity\u00f6l\u00e4isten ja k\u00e4ytt\u00e4jien yhteisty\u00f6n\u00e4, l\u00e4ht\u00f6kohtanaan unelmat, tarinat, mielikuvitus, vapaus, yll\u00e4tykset ja ekologia.&#8221;<\/p>\n<p><a href=\"https:\/\/maahenki.fi\/tuotteet\/elamaa-lehdella\/\" target=\"_blank\" rel=\"noopener noreferrer\">El\u00e4m\u00e4\u00e4 lehdell\u00e4 -kirja<\/a><\/p>\n<p><a href=\"http:\/\/anderssonart.com\/leaf\/wp-content\/uploads\/2015\/02\/total-design.jpg\"><img decoding=\"async\" loading=\"lazy\" class=\"alignnone size-full wp-image-492\" src=\"http:\/\/anderssonart.com\/leaf\/wp-content\/uploads\/2015\/02\/total-design.jpg\" alt=\"total-design\" width=\"200\" height=\"251\" \/><\/a><\/p>\n<p>&#8221;Celebrating the ultimate masterpieces of modernist design, from the Arts and Crafts movement up to the twenty-first century, Total Design offers an intimate tour of houses conceived as complete works of art. Each of the spectacular houses making up Total Design demonstrates how an architect realized a unifying vision through all aspects of design\u2014architecture, furniture, fittings, decorative objects, color, and gardens. Presenting masterpieces of modern architecture conceived as complete works of art inside and out, author George H. Marcus, a veteran chronicler of modernist design, delivers a highly accessible tour of the creations of some of the twentieth century\u2019s greatest architects and designers, including Frank Lloyd Wright, Mies van der Rohe, Alvar Aalto, Eero Saarinen, Charles Rennie Mackintosh, and Gio Ponti. Together these masterworks of design offer a stunning survey of the many modes of modernist design, from the inventive refinement of Pierre Chareau to the colorful Nordic forms of Finn Juhl to the twenty-first-century expressionism of Daniel Libeskind.&#8221;<\/p>\n<p><a title=\" George H. Marcus: Architecture and Interiors of Iconic Modern Houses \" href=\"http:\/\/www.rizzoliusa.com\/book.php?isbn=9780847843657&amp;v=email\" target=\"_blank\" rel=\"noopener noreferrer\">George H. Marcus: Architecture and Interiors of Iconic Modern Houses\u00a0<\/a><\/p>\n<p><a href=\"http:\/\/anderssonart.com\/leaf\/wp-content\/uploads\/2015\/02\/wow.jpg\"><img decoding=\"async\" loading=\"lazy\" class=\"alignnone size-full wp-image-491\" src=\"http:\/\/anderssonart.com\/leaf\/wp-content\/uploads\/2015\/02\/wow.jpg\" alt=\"wow\" width=\"200\" height=\"280\" \/><\/a><\/p>\n<p>&#8221;Vi beh\u00f6ver en arkitektur som \u00e4r baserad p\u00e5 f\u00e4rg, fantasi och \u00f6verraskningar. Bland finl\u00e4ndska arkitekter har ordet Wau-arkitektur f\u00e5tt en negativ klang. Men jag tror att arkitekterna borde l\u00e4ra sig &#8211; just precis det &#8211; att skapa byggnader som f\u00e5r betraktaren att s\u00e4ga Wau!&#8221;, s\u00e4ger Andersson.<br \/>\nEtt s\u00e4tt att g\u00f6ra detta \u00e4r att ta med konst och konstn\u00e4rer f\u00f6r att utforma byggnaderna till \u00f6verraskande helheter d\u00e4r ornamentik och konstn\u00e4rliga inslag genomsyrar hela byggnaden, \u00e4ven dess form.<br \/>\nAndersson g\u00f6r en resa b\u00f6rjande fr\u00e5n T\u00f6l\u00f6viken till olika byggnader i Finland och utomlands d\u00e4r han tr\u00e4ffar arkitekter, sj\u00e4lvl\u00e4rda byggare och \u00e4ven beslutsfattare f\u00f6r att diskutera varf\u00f6r v\u00e5r byggda milj\u00f6 \u00e4r s\u00e5 steril, tr\u00e5kig och likformad. Andersson p\u00e5st\u00e5r att det inte prim\u00e4rt handlar om pengar, utan \u00e4r resultatet av ett slappt och rigor\u00f6st t\u00e4nkande och en arkitektk\u00e5r som med en skr\u00e5liknande pietet bevakar vad som ska anses vara god smak och vad inte.&#8221;<\/p>\n<p><a href=\"http:\/\/anderssonart.com\/leaf\/wp-content\/uploads\/2015\/02\/100711.jpg\"><img decoding=\"async\" loading=\"lazy\" class=\"alignnone size-full wp-image-490\" src=\"http:\/\/anderssonart.com\/leaf\/wp-content\/uploads\/2015\/02\/100711.jpg\" alt=\"100711\" width=\"245\" height=\"207\" \/><\/a><\/p>\n<p>&#8221;Miksi emme n\u00e4e hatun- ja kukanmuotoisia taloja? Miss\u00e4 ovat luovuuden rajat arkkitehtuurissa? Mihin katosi ornamentiikka? Taiteilija Jan-Erik Andersson ja kuraattori Jen Budney etsiv\u00e4t vastauksia n\u00e4ihin kysymyksiin.<\/p>\n<p>Kuvataiteen ja arkkitehtuurin suhdetta valottaa my\u00f6s W\u00e4in\u00f6 Aaltosen museossa Turussa 25.5. \u2013 16.9.2007 esitelt\u00e4v\u00e4 kansainv\u00e4linen n\u00e4yttely WILD \u2013 Fantasia ja arkkitehtuuri. Fantasia-arkkitehtuuriin keskittyv\u00e4ss\u00e4 kokonaisuudessa on mukana suurnimi\u00e4 1900-luvun alussa vaikuttaneesta Antonio Gaudista aina t\u00e4m\u00e4n hetken maailmant\u00e4htiin kuten Vito Acconciin ja Will Alsopiin.&#8221;<\/p>\n<p><strong>You can buy books directly from The Life on a Leaf -house. Please contact marjo.malin@marjomalin.com.<\/strong><\/p>\n","protected":false},"excerpt":{"rendered":"<p>The book is based on Andersson\u2019s Doctorate in Fine Arts at the Academy of Fine Arts in Helsinki. Life on a Leaf -book &#8221;Mik\u00e4 pakottaa meid\u00e4t viett\u00e4m\u00e4\u00e4n el\u00e4m\u00e4mme suorakaiteiden sis\u00e4ll\u00e4? Mihin j\u00e4iv\u00e4t jugendjulkisivujen sammakot ja hirvi\u00f6t? Miksi emme voisi asua hatussa, kukassa tai lehdess\u00e4? Turkulainen taiteilija Jan-Erik Andersson yhteisty\u00f6kumppaneineen suunnitteli [&hellip;]<\/p>\n","protected":false},"author":1,"featured_media":0,"parent":0,"menu_order":0,"comment_status":"closed","ping_status":"closed","template":"","meta":{"footnotes":"","_vp_format_video_url":"","_vp_image_focal_point":[]},"_links":{"self":[{"href":"https:\/\/anderssonart.com\/leaf\/wp-json\/wp\/v2\/pages\/482"}],"collection":[{"href":"https:\/\/anderssonart.com\/leaf\/wp-json\/wp\/v2\/pages"}],"about":[{"href":"https:\/\/anderssonart.com\/leaf\/wp-json\/wp\/v2\/types\/page"}],"author":[{"embeddable":true,"href":"https:\/\/anderssonart.com\/leaf\/wp-json\/wp\/v2\/users\/1"}],"replies":[{"embeddable":true,"href":"https:\/\/anderssonart.com\/leaf\/wp-json\/wp\/v2\/comments?post=482"}],"version-history":[{"count":38,"href":"https:\/\/anderssonart.com\/leaf\/wp-json\/wp\/v2\/pages\/482\/revisions"}],"predecessor-version":[{"id":719,"href":"https:\/\/anderssonart.com\/leaf\/wp-json\/wp\/v2\/pages\/482\/revisions\/719"}],"wp:attachment":[{"href":"https:\/\/anderssonart.com\/leaf\/wp-json\/wp\/v2\/media?parent=482"}],"curies":[{"name":"wp","href":"https:\/\/api.w.org\/{rel}","templated":true}]}}