{"id":304,"date":"2015-01-09T13:00:34","date_gmt":"2015-01-09T11:00:34","guid":{"rendered":"http:\/\/anderssonart.com\/leaf\/?page_id=304"},"modified":"2020-09-01T15:08:57","modified_gmt":"2020-09-01T12:08:57","slug":"page-13","status":"publish","type":"page","link":"https:\/\/anderssonart.com\/leaf\/page-13\/","title":{"rendered":"Collaborators"},"content":{"rendered":"<h2>Planning<\/h2>\n<p>Architect Erkki Pitk\u00e4ranta<br \/>\nConstruction planning (Building and foundation) Mikko Siren<br \/>\nConstruction planning (Foundation\/partly) Pentti Savolainen<br \/>\n3D modelling &amp; CAD drawings Oliver Walter<br \/>\nCAD drawings Heikki Pietil\u00e4inen<br \/>\nDWV planning Timo V\u00e4tt\u00f6<br \/>\nElectricity planning Antti Koponen<br \/>\nWeb site design Marjo Malin<br \/>\nVRML modeling Pasi Kivim\u00e4ki<\/p>\n<h2>Building<\/h2>\n<p>Project consultant Veijo Honka<br \/>\nBuilding master in charge Pekka Kallio<br \/>\nCarpenters\/concrete work Heikki Heinonen &amp; Juvonen<br \/>\nConstruction measuring Reijo Kautonen<br \/>\nElectrical installations Turun Kiinteist\u00f6s\u00e4hk\u00f6 Oy<br \/>\nDWV (Drain, Waste, Vent) works Turun Tasokaivuu Oy<br \/>\nWooden window profiles Puuty\u00f6liike Reijo Rasi Ky<br \/>\nWindow glasses Lasiluoto<\/p>\n<h2>Assistants<\/h2>\n<p>Painting assistant Aino-Maria Niemel\u00e4<br \/>\nSmall scale model building assistant Dafna Maimon<br \/>\nDining table building and planning assistant Anu M\u00e4kinen<br \/>\nAssistant for making the concrete ornamentation Sara Nilsson<br \/>\nAssistant for making the cabinet-wall-sculpture Viktor Nylund<br \/>\nAssistant for making the ornamentation on the second floor Matilda Ekman<\/p>\n<p>______________________________<\/p>\n<h2>Companies<\/h2>\n<p>Konepaja Veljet Saarenhovi ( All metal works)<br \/>\nRakennuslaskenta NHL (Project supervisor)<br \/>\nFinnforest (Glulam wooden beams for support)<br \/>\nCarrier\/Warmia (Geothermal heat pump\/floor heating)<br \/>\nContesta Oy (Outdoor concrete table)<br \/>\nNikkarimarkkinointi (CNC cutting for the dining table)<br \/>\nHakulan puu (Provider of wood products)<br \/>\nOvitehdas Vihanto (Provider of wooden doors)<br \/>\nKurkelan metallituote (Provider of the chimney)<br \/>\nAD LUX (Provider of full spectrum lights)<br \/>\nForbo (Linoleum pattern on the second and third floors)<br \/>\nLightpress (Wallpaper printing)<\/p>\n<h2>Photographers<\/h2>\n<p>Vesa Aaltonen<br \/>\nMatti A. Kallio<\/p>\n<h2>Main Supporters<\/h2>\n<p>The generous support of Liisa and Reijo Joronen has in a significant way made the house project possible.<\/p>\n<h2>Grants<\/h2>\n<p>Finnish Cultural Foundation<br \/>\nArts Council of Finland<br \/>\nSvenska kulturfonden<br \/>\nAcademy of Fine Arts<\/p>\n","protected":false},"excerpt":{"rendered":"<p>Planning Architect Erkki Pitk\u00e4ranta Construction planning (Building and foundation) Mikko Siren Construction planning (Foundation\/partly) Pentti Savolainen 3D modelling &amp; CAD drawings Oliver Walter CAD drawings Heikki Pietil\u00e4inen DWV planning Timo V\u00e4tt\u00f6 Electricity planning Antti Koponen Web site design Marjo Malin VRML modeling Pasi Kivim\u00e4ki Building Project consultant Veijo Honka Building [&hellip;]<\/p>\n","protected":false},"author":1,"featured_media":0,"parent":0,"menu_order":0,"comment_status":"closed","ping_status":"closed","template":"","meta":{"footnotes":"","_vp_format_video_url":"","_vp_image_focal_point":[]},"_links":{"self":[{"href":"https:\/\/anderssonart.com\/leaf\/wp-json\/wp\/v2\/pages\/304"}],"collection":[{"href":"https:\/\/anderssonart.com\/leaf\/wp-json\/wp\/v2\/pages"}],"about":[{"href":"https:\/\/anderssonart.com\/leaf\/wp-json\/wp\/v2\/types\/page"}],"author":[{"embeddable":true,"href":"https:\/\/anderssonart.com\/leaf\/wp-json\/wp\/v2\/users\/1"}],"replies":[{"embeddable":true,"href":"https:\/\/anderssonart.com\/leaf\/wp-json\/wp\/v2\/comments?post=304"}],"version-history":[{"count":13,"href":"https:\/\/anderssonart.com\/leaf\/wp-json\/wp\/v2\/pages\/304\/revisions"}],"predecessor-version":[{"id":720,"href":"https:\/\/anderssonart.com\/leaf\/wp-json\/wp\/v2\/pages\/304\/revisions\/720"}],"wp:attachment":[{"href":"https:\/\/anderssonart.com\/leaf\/wp-json\/wp\/v2\/media?parent=304"}],"curies":[{"name":"wp","href":"https:\/\/api.w.org\/{rel}","templated":true}]}}